{"id":3661,"date":"2025-04-24T16:41:41","date_gmt":"2025-04-24T14:41:41","guid":{"rendered":"https:\/\/trad.possibles.org\/?page_id=3661"},"modified":"2026-03-17T10:04:52","modified_gmt":"2026-03-17T09:04:52","slug":"pagina-de-prueba-de-traduccion","status":"publish","type":"page","link":"https:\/\/trad.possibles.org\/es\/pagina-de-prueba-de-traduccion\/","title":{"rendered":"P\u00e1gina de prueba de traducci\u00f3n"},"content":{"rendered":"\n<p>P\u00e1rrafo 1:<br\/>Las nubes se deslizaban lentamente por el cielo azul p\u00e1lido, mientras las ramas de los \u00e1rboles bailaban suavemente bajo la caricia del viento. A lo lejos, se o\u00eda el discreto canto de un p\u00e1jaro solitario, como un fr\u00e1gil eco del mundo natural que nos rodea. En este tranquilo paisaje, todo parec\u00eda suspendido, como si el tiempo mismo hubiera decidido tomarse un descanso.  <\/p>\n\n<p>P\u00e1rrafo 2:<br\/>En una peque\u00f1a casa al borde del camino, un viejo reloj de pared marcaba el ritmo de un d\u00eda cualquiera. El aroma del caf\u00e9 reci\u00e9n molido se mezclaba con el del madera encerada, recordando las ma\u00f1anas de anta\u00f1o. Cada rinc\u00f3n de la habitaci\u00f3n parec\u00eda cargado de recuerdos silenciosos, testigos discretos de vidas sencillas pero llenas de significado.  <\/p>\n\n<h2 class=\"wp-block-heading\">La visi\u00f3n del Monde des Possibles <\/h2>\n\n<h3 class=\"wp-block-heading\">Apoyar los derechos fundamentales de las personas de origen extranjero en Lieja.<\/h3>\n\n<p><strong>Le Monde des Possibles es una organizaci\u00f3n asociativa intercultural con sede en Lieja, comprometida con la defensa de los derechos humanos. <\/strong><a href=\"https:\/\/trad.possibles.org\/es\/historia\/\" data-type=\"page\" data-id=\"197\">Depuis sa cr\u00e9ation en 2001<\/a>, La asociaci\u00f3n colabora en la emancipaci\u00f3n de las personas de origen extranjero mediante un apoyo adaptado a sus necesidades espec\u00edficas. <\/p>\n\n<p>Cada semana, m\u00e1s de 200 personas, de m\u00e1s de cincuenta nacionalidades, depositan su confianza en nosotros, en un esp\u00edritu de acogida incondicional. <\/p>\n\n<p>Pour structurer cette mission, Le Monde des Possibles a d\u00e9velopp\u00e9 une offre de services diversifi\u00e9e, soutenue par cinq agr\u00e9ments cl\u00e9s, tous compl\u00e9mentaires : le <a href=\"https:\/\/trad.possibles.org\/agrements\/centres-dinsertion-socioprofessionnelle\/\" data-type=\"agrements\" data-id=\"168\">Centre d&#8217;Insertion Socioprofessionnelle<\/a> (CISP), <a href=\"https:\/\/trad.possibles.org\/agrements\/education-permanente\/\" data-type=\"agrements\" data-id=\"167\">l&#8217;\u00c9ducation Permanente<\/a> (EP), <a href=\"https:\/\/trad.possibles.org\/agrements\/economie-sociale-et-solidaire\/\" data-type=\"agrements\" data-id=\"171\">l&#8217;\u00c9conomie Sociale et Solidaire<\/a> (ESS), <a href=\"https:\/\/trad.possibles.org\/agrements\/initiative-locale-dintegration-volet-fle-et-citoyennete\/\" data-type=\"agrements\" data-id=\"169\">l&#8217;Initiative Locale d&#8217;Int\u00e9gration volet FLE et citoyennet\u00e9<\/a> (ILI-FLE et <a href=\"https:\/\/trad.possibles.org\/agrements\/initiative-locale-dintegration-volet-juridique\/\" data-type=\"agrements\" data-id=\"263\">l&#8217;Initiative Locale d&#8217;Int\u00e9gration volet juridique<\/a> (ILI-Juridique) ainsi que Digistart. <\/p>\n\n<blockquote class=\"wp-block-quote is-layout-flow wp-block-quote-is-layout-flow\">\n<p><em>\u00abConsciente del car\u00e1cter estructural y sist\u00e9mico de las desigualdades, la asociaci\u00f3n trabaja en pr\u00e1cticas de utilidad social apoyando alternativas colectivas a la violencia pol\u00edtica e institucional. La asociaci\u00f3n es pluralista, laica, feminista, antirracista y anticolonialista\u00bb.<\/em><\/p>\n<cite><em>Extracto de los estatutos de la ASBL (asociaci\u00f3n sin fines de lucro)<\/em><\/cite><\/blockquote>\n\n<p>Cada acreditaci\u00f3n contribuye a su manera a dar respuesta a la defensa de los servicios socio-jur\u00eddicos destinados a las personas extranjeras o de origen extranjero (PEOE):<\/p>\n\n<ul class=\"wp-block-list custom-list\">\n<li>Garantizar una recepci\u00f3n de calidad<\/li>\n\n\n\n<li>Promover el acceso a la salud<\/li>\n\n\n\n<li>Promover el acceso a una vivienda digna<\/li>\n\n\n\n<li>Promover el acceso a un permiso de residencia permanente<\/li>\n\n\n\n<li>Promover el acceso a un empleo de calidad<\/li>\n\n\n\n<li>Contribuir a la lucha contra la discriminaci\u00f3n y el racismo.<\/li>\n\n\n\n<li>Defender los derechos de las mujeres<\/li>\n\n\n\n<li>Defender los derechos de LGBTQIA+<\/li>\n\n\n\n<li>Promover el multiling\u00fcismo<\/li>\n\n\n\n<li>Combatir la brecha digital<\/li>\n\n\n\n<li>Luchar de manera unificada contra los diferentes sistemas de opresi\u00f3n.<\/li>\n<\/ul>\n\n<p>Para obtener una descripci\u00f3n m\u00e1s detallada de la visi\u00f3n del Mundo de las Posibilidades, puede visitar la p\u00e1gina web <a href=\"https:\/\/trad.possibles.org\/es\/historia\/\" data-type=\"page\" data-id=\"197\">page Histoire<\/a> de Le Monde des Possibles.<\/p>\n\n<h4 class=\"wp-block-heading\">1. CISP &#8211; Centro de Inserci\u00f3n Socioprofesional<\/h4>\n\n<p><a href=\"https:\/\/trad.possibles.org\/agrements\/centres-dinsertion-socioprofessionnelle\/\" data-type=\"agrements\" data-id=\"168\"><strong>Le Centre d&#8217;Insertion Socioprofessionnelle <\/strong>(CISP)<\/a><em> <\/em>Le Monde des Possibles, ubicado en la calle Champs, acompa\u00f1a a las personas alejadas del mercado laboral en su proceso de inserci\u00f3n socioprofesional. A trav\u00e9s de sectores como <a href=\"https:\/\/trad.possibles.org\/es\/?post_type=formations&amp;p=3544\" data-type=\"formations\" data-id=\"277\">Hospi\u2019jobs<\/a> <em> <\/em>y <a href=\"https:\/\/trad.possibles.org\/es\/?post_type=formations&amp;p=3608\" data-type=\"formations\" data-id=\"278\">Redem\u2019Arts<\/a>, Los participantes pueden seguir cursos de formaci\u00f3n pr\u00e1ctica en los sectores de catering, limpieza, log\u00edstica hospitalaria y artes digitales. Estos cursos, que cuentan con el apoyo de socios como el <a href=\"https:\/\/www.chuliege.be\/jcms\/c_15605575\/chu-de-liege\" target=\"_blank\" rel=\"noreferrer noopener\">CHU<\/a> y el <a href=\"https:\/\/www.chc.be\/Etablissements\/Clinique-CHC-MontLegia\" target=\"_blank\" rel=\"noreferrer noopener\">CHC MontL\u00e9gia<\/a>, permiten a los participantes desarrollar competencias muy demandadas en el mercado laboral, al tiempo que se benefician de una orientaci\u00f3n personalizada, tambi\u00e9n en las empresas.<\/p>\n\n<p><strong>\u00abCada etapa del programa de formaci\u00f3n est\u00e1 dise\u00f1ada para favorecer un empleo de calidad para los participantes, con apoyo personalizado en la empresa formadora\u00bb.<\/strong><\/p>\n\n<p>Las acciones del CISP se refuerzan mediante la articulaci\u00f3n con nuestras otras acreditaciones. Por ejemplo, las competencias ling\u00fc\u00edsticas adquiridas en el marco de los cursos de <a href=\"https:\/\/trad.possibles.org\/agrements\/initiative-locale-dintegration-volet-fle-et-citoyennete\/\" data-type=\"agrements\" data-id=\"169\">fran\u00e7ais langue \u00e9trang\u00e8re<\/a> facilitan la integraci\u00f3n de los participantes en la formaci\u00f3n profesional, mientras que el <a href=\"https:\/\/trad.possibles.org\/agrements\/initiative-locale-dintegration-volet-juridique\/\" data-type=\"agrements\" data-id=\"263\">soutien juridique<\/a> ayuda a superar los obst\u00e1culos administrativos relacionados con el empleo.  <\/p>\n\n<figure class=\"wp-block-image size-full\"><img loading=\"lazy\" decoding=\"async\" width=\"1920\" height=\"1203\" src=\"https:\/\/trad.possibles.org\/wp-content\/uploads\/img_pageagrement002_possibles.org_.png\" alt=\"\" class=\"wp-image-1775\" srcset=\"https:\/\/trad.possibles.org\/wp-content\/uploads\/img_pageagrement002_possibles.org_.png 1920w, https:\/\/trad.possibles.org\/wp-content\/uploads\/img_pageagrement002_possibles.org_-1724x1080.png 1724w, https:\/\/trad.possibles.org\/wp-content\/uploads\/img_pageagrement002_possibles.org_-768x481.png 768w, https:\/\/trad.possibles.org\/wp-content\/uploads\/img_pageagrement002_possibles.org_-1536x962.png 1536w\" sizes=\"auto, (max-width: 1920px) 100vw, 1920px\" \/><\/figure>\n\n<h4 class=\"wp-block-heading\">2. Iniciativa Local de Integraci\u00f3n (ILI) \u2013 Aspectos jur\u00eddicos y de ciudadan\u00eda<\/h4>\n\n<p><strong>La Iniciativa Local de Integraci\u00f3n (ILI) de Le Monde des Possibles, con sede en Poti\u00e9rue, se desarrolla a trav\u00e9s de dos ejes complementarios: el<\/strong> <a href=\"https:\/\/trad.possibles.org\/agrements\/initiative-locale-dintegration-volet-juridique\/\" data-type=\"agrements\" data-id=\"263\">soutien juridique<\/a><em> <\/em>y la <a href=\"https:\/\/trad.possibles.org\/agrements\/initiative-locale-dintegration-volet-fle-et-citoyennete\/\" data-type=\"agrements\" data-id=\"169\">formation citoyenne<\/a>. <\/p>\n\n<p>El componente jur\u00eddico ofrece asesoramiento especializado en materia de derecho de extranjer\u00eda, ayudando a los participantes a navegar por las complejidades administrativas y <\/p>\n","protected":false},"excerpt":{"rendered":"<p>P\u00e1rrafo 1:Las nubes se deslizaban lentamente por el cielo azul p\u00e1lido, mientras las ramas de los \u00e1rboles bailaban suavemente bajo la caricia del viento. A lo lejos, se o\u00eda el discreto canto de un p\u00e1jaro solitario, como un fr\u00e1gil eco del mundo natural que nos rodea. En este tranquilo paisaje, todo parec\u00eda suspendido, como si [&hellip;]<\/p>\n","protected":false},"author":3,"featured_media":0,"parent":0,"menu_order":0,"comment_status":"closed","ping_status":"closed","template":"","meta":{"_acf_changed":false,"inline_featured_image":false,"footnotes":""},"class_list":["post-3661","page","type-page","status-publish","hentry"],"acf":[],"_links":{"self":[{"href":"https:\/\/trad.possibles.org\/es\/wp-json\/wp\/v2\/pages\/3661","targetHints":{"allow":["GET"]}}],"collection":[{"href":"https:\/\/trad.possibles.org\/es\/wp-json\/wp\/v2\/pages"}],"about":[{"href":"https:\/\/trad.possibles.org\/es\/wp-json\/wp\/v2\/types\/page"}],"author":[{"embeddable":true,"href":"https:\/\/trad.possibles.org\/es\/wp-json\/wp\/v2\/users\/3"}],"replies":[{"embeddable":true,"href":"https:\/\/trad.possibles.org\/es\/wp-json\/wp\/v2\/comments?post=3661"}],"version-history":[{"count":2,"href":"https:\/\/trad.possibles.org\/es\/wp-json\/wp\/v2\/pages\/3661\/revisions"}],"predecessor-version":[{"id":3760,"href":"https:\/\/trad.possibles.org\/es\/wp-json\/wp\/v2\/pages\/3661\/revisions\/3760"}],"wp:attachment":[{"href":"https:\/\/trad.possibles.org\/es\/wp-json\/wp\/v2\/media?parent=3661"}],"curies":[{"name":"wp","href":"https:\/\/api.w.org\/{rel}","templated":true}]}}