{"id":3568,"date":"2024-06-21T12:05:31","date_gmt":"2024-06-21T10:05:31","guid":{"rendered":"https:\/\/trad.possibles.org\/?page_id=3568"},"modified":"2026-03-17T10:04:51","modified_gmt":"2026-03-17T09:04:51","slug":"certificaciones","status":"publish","type":"page","link":"https:\/\/trad.possibles.org\/es\/certificaciones\/","title":{"rendered":"Certificaciones"},"content":{"rendered":"\n<figure class=\"wp-block-image size-full is-resized\"><img loading=\"lazy\" decoding=\"async\" width=\"1920\" height=\"1280\" src=\"https:\/\/trad.possibles.org\/wp-content\/uploads\/img_pageagrement001_possibles.org_.png\" alt=\"\" class=\"wp-image-1771\" style=\"width:774px;height:auto\" srcset=\"https:\/\/trad.possibles.org\/wp-content\/uploads\/img_pageagrement001_possibles.org_.png 1920w, https:\/\/trad.possibles.org\/wp-content\/uploads\/img_pageagrement001_possibles.org_-1620x1080.png 1620w, https:\/\/trad.possibles.org\/wp-content\/uploads\/img_pageagrement001_possibles.org_-720x480.png 720w, https:\/\/trad.possibles.org\/wp-content\/uploads\/img_pageagrement001_possibles.org_-768x512.png 768w, https:\/\/trad.possibles.org\/wp-content\/uploads\/img_pageagrement001_possibles.org_-1536x1024.png 1536w\" sizes=\"auto, (max-width: 1920px) 100vw, 1920px\" \/><\/figure>\n\n<h2 class=\"wp-block-heading\">La visi\u00f3n de Le Monde des Possibles <\/h2>\n\n<h3 class=\"wp-block-heading\">Ayudan en los derechos fundamentales de personas de origen extranjero en Li\u00e8ge.<\/h3>\n\n<p>Le Monde des Possibles es una organizaci\u00f3n asociativa intercultural con sede en Lieja, comprometida con la defensa de los derechos humanos.<strong> <\/strong><a href=\"https:\/\/trad.possibles.org\/es\/historia\/\" data-type=\"page\" data-id=\"197\">Depuis sa cr\u00e9ation en 2001<\/a>, La asociaci\u00f3n colabora en la emancipaci\u00f3n de las personas de origen extranjero mediante un apoyo adaptado a sus necesidades espec\u00edficas. <\/p>\n\n<p>Cada semana, m\u00e1s de 200 personas, de m\u00e1s de cincuenta nacionalidades, depositan su confianza en nosotros, en un esp\u00edritu de acogida incondicional. <\/p>\n\n<p>Para estructurar esta misi\u00f3n, Le Monde des Possibles ha desarrollado una oferta de servicios diversificada, respaldada por cinco acreditaciones clave, todas ellas complementarias: el <a href=\"https:\/\/trad.possibles.org\/agrements\/centres-dinsertion-socioprofessionnelle\/\" data-type=\"agrements\" data-id=\"168\">Centre d&#8217;Insertion Socioprofessionnelle<\/a> (CISP), <a href=\"https:\/\/trad.possibles.org\/agrements\/education-permanente\/\" data-type=\"agrements\" data-id=\"167\">l&#8217;\u00c9ducation Permanente<\/a> (EP), <a href=\"https:\/\/trad.possibles.org\/agrements\/economie-sociale-et-solidaire\/\" data-type=\"agrements\" data-id=\"171\">l&#8217;\u00c9conomie Sociale et Solidaire<\/a> (ESS), <a href=\"https:\/\/trad.possibles.org\/agrements\/initiative-locale-dintegration-volet-fle-et-citoyennete\/\" data-type=\"agrements\" data-id=\"169\">l&#8217;Initiative Locale d&#8217;Int\u00e9gration volet FLE et citoyennet\u00e9<\/a> (ILI-FLE et <a href=\"https:\/\/trad.possibles.org\/agrements\/initiative-locale-dintegration-volet-juridique\/\" data-type=\"agrements\" data-id=\"263\">l&#8217;Initiative Locale d&#8217;Int\u00e9gration volet juridique<\/a> (ILI-Juridico) y Digistart. <\/p>\n\n<p><\/p>\n\n<blockquote class=\"wp-block-quote is-layout-flow wp-block-quote-is-layout-flow\">\n<p><em>\u00abConsciente del car\u00e1cter estructural y sist\u00e9mico de las desigualdades, la asociaci\u00f3n trabaja en pr\u00e1cticas de utilidad social apoyando alternativas colectivas a la violencia pol\u00edtica e institucional. La asociaci\u00f3n es pluralista, laica, feminista, antirracista y anticolonialista\u00bb.<\/em><\/p>\n<cite><em>Extracto de los estatutos de la ASBL (asociaci\u00f3n sin fines de lucro)<\/em><\/cite><\/blockquote>\n\n<p>Cada acreditaci\u00f3n contribuye a su manera a dar respuesta a la defensa de los servicios socio-jur\u00eddicos destinados a las personas extranjeras o de origen extranjero (PEOE):<\/p>\n\n<ul class=\"wp-block-list custom-list\">\n<li>Asegurar una recepci\u00f3n de calidad<\/li>\n\n\n\n<li>Promover acceso a la salud<\/li>\n\n\n\n<li>Promover acesso a la vivienda<\/li>\n\n\n\n<li>Promueve el acceso a una estadia durable<\/li>\n\n\n\n<li>Promueve el acceso a un empleo de calidad<\/li>\n\n\n\n<li>Contribuye a la lucha contra la discriminaci\u00f3n y el racismo.<\/li>\n\n\n\n<li>Defiende los derechos de las mujeres<\/li>\n\n\n\n<li>Defiende los derechos de las personas LGBTQIA+<\/li>\n\n\n\n<li>Promueve el multiling\u00fcismo<\/li>\n\n\n\n<li>Combate la brecha digital<\/li>\n\n\n\n<li>Lucha de manera unificada contra los diferentes sistemas de opresi\u00f3n.<\/li>\n<\/ul>\n\n<p>Para obtener una descripci\u00f3n m\u00e1s detallada de la visi\u00f3n de Le Monde des Possibles, puede visitar la p\u00e1gina web <a href=\"https:\/\/trad.possibles.org\/es\/historia\/\" data-type=\"page\" data-id=\"197\">page Histoire<\/a> de Le Monde des Possibles.<\/p>\n\n<h4 class=\"wp-block-heading\">1. CISP &#8211; Centro de Inserci\u00f3n Socioprofesional<\/h4>\n\n<p><a href=\"https:\/\/trad.possibles.org\/agrements\/centres-dinsertion-socioprofessionnelle\/\" data-type=\"agrements\" data-id=\"168\">Le Centre d&#8217;Insertion Socioprofessionnelle (CISP)<\/a><em> <\/em>Le Monde des Possibles, ubicado en Rue des Champs, acompa\u00f1a a las personas alejadas del mercado laboral en su proceso de inserci\u00f3n socioprofesional. A trav\u00e9s de sectores como <a href=\"https:\/\/trad.possibles.org\/es\/?post_type=formations&amp;p=3544\" data-type=\"formations\" data-id=\"277\">Hospi\u2019jobs<\/a> <em> <\/em>y <a href=\"https:\/\/trad.possibles.org\/es\/?post_type=formations&amp;p=3608\" data-type=\"formations\" data-id=\"278\">Redem\u2019Arts<\/a>, Los participantes pueden seguir cursos de formaci\u00f3n pr\u00e1ctica en los sectores de catering, limpieza, log\u00edstica hospitalaria y artes digitales. Estos cursos, cuentan con el apoyo de socios como el <a href=\"https:\/\/www.chuliege.be\/jcms\/c_15605575\/chu-de-liege\" target=\"_blank\" rel=\"noreferrer noopener\">CHU<\/a> y el <a href=\"https:\/\/www.chc.be\/Etablissements\/Clinique-CHC-MontLegia\" target=\"_blank\" rel=\"noreferrer noopener\">CHC MontL\u00e9gia<\/a>, permiten a los participantes desarrollar competencias muy demandadas en el mercado laboral, al tiempo que se benefician de una orientaci\u00f3n personalizada, tambi\u00e9n en las empresas.<\/p>\n\n<p><strong>\u00abCada etapa del programa de formaci\u00f3n est\u00e1 dise\u00f1ada para favorecer un empleo de calidad para los participantes, con apoyo personalizado en la empresa formadora\u00bb.<\/strong><\/p>\n\n<p>Las acciones del CISP se refuerzan mediante la articulaci\u00f3n con nuestras otras acreditaciones. Por ejemplo, las competencias ling\u00fc\u00edsticas adquiridas en el marco de los cursos de <a href=\"https:\/\/trad.possibles.org\/agrements\/initiative-locale-dintegration-volet-fle-et-citoyennete\/\" data-type=\"agrements\" data-id=\"169\">fran\u00e7ais langue \u00e9trang\u00e8re<\/a> facilitan la integraci\u00f3n de los participantes en la formaci\u00f3n profesional, mientras que el <a href=\"https:\/\/trad.possibles.org\/agrements\/initiative-locale-dintegration-volet-juridique\/\" data-type=\"agrements\" data-id=\"263\">soutien juridique<\/a> ayuda a superar los obst\u00e1culos administrativos relacionados con el empleo.  <\/p>\n\n<figure class=\"wp-block-image size-full\"><img loading=\"lazy\" decoding=\"async\" width=\"1920\" height=\"1203\" src=\"https:\/\/trad.possibles.org\/wp-content\/uploads\/img_pageagrement002_possibles.org_.png\" alt=\"\" class=\"wp-image-1775\" srcset=\"https:\/\/trad.possibles.org\/wp-content\/uploads\/img_pageagrement002_possibles.org_.png 1920w, https:\/\/trad.possibles.org\/wp-content\/uploads\/img_pageagrement002_possibles.org_-1724x1080.png 1724w, https:\/\/trad.possibles.org\/wp-content\/uploads\/img_pageagrement002_possibles.org_-768x481.png 768w, https:\/\/trad.possibles.org\/wp-content\/uploads\/img_pageagrement002_possibles.org_-1536x962.png 1536w\" sizes=\"auto, (max-width: 1920px) 100vw, 1920px\" \/><\/figure>\n\n<h4 class=\"wp-block-heading\">2. Iniciativa Local de Integraci\u00f3n (ILI) \u2013 Aspectos jur\u00eddicos y de ciudadan\u00eda<\/h4>\n\n<p><strong>La Iniciativa Local de Integraci\u00f3n (ILI) de Le Monde des Possibles, con sede en Poti\u00e9rue, se desarrolla a trav\u00e9s de dos ejes complementarios: el<\/strong> <a href=\"https:\/\/trad.possibles.org\/agrements\/initiative-locale-dintegration-volet-juridique\/\" data-type=\"agrements\" data-id=\"263\">soutien juridique<\/a><em> <\/em> y la <a href=\"https:\/\/trad.possibles.org\/agrements\/initiative-locale-dintegration-volet-fle-et-citoyennete\/\" data-type=\"agrements\" data-id=\"169\">formation citoyenne<\/a>. <\/p>\n\n<p>El componente jur\u00eddico ofrece asesoramiento especializado en materia de derecho de extranjer\u00eda, ayudando a los participantes a navegar por las complejidades administrativas y legales, lo que les permite comprender mejor y defender sus derechos. <\/p>\n\n<p><\/p>\n\n<p>Al mismo tiempo, el componente de ciudadan\u00eda se centra en el aprendizaje del franc\u00e9s y la formaci\u00f3n en materia de ciudadan\u00eda, elementos clave para la inclusi\u00f3n. Los cursos de <a href=\"https:\/\/trad.possibles.org\/formations\/francais-langue-etrangere-fle\/\" data-type=\"formations\" data-id=\"266\">Fran\u00e7ais Langue \u00c9trang\u00e8re (FLE)<\/a> <em> <\/em>tienen como objetivo dotar a los participantes de las competencias ling\u00fc\u00edsticas necesarias para vivir en la sociedad belga, tanto en el \u00e1mbito social como en el profesional. Adem\u00e1s, los <a href=\"https:\/\/trad.possibles.org\/formations\/atelier-dorientation-citoyenne-aoc\/\" data-type=\"formations\" data-id=\"268\">ateliers d\u2019orientation citoyenne (AOC)<\/a>, as\u00ed como m\u00f3dulos de <a href=\"https:\/\/trad.possibles.org\/formations\/formation-a-lintegration-citoyenne-fic\/\" data-type=\"formations\" data-id=\"267\">Formation \u00e0 l\u2019Int\u00e9gration Citoyenne (FIC)<\/a>, ofrecen un marco para comprender mejor los derechos y deberes de los ciudadanos.  <\/p>\n\n<p>Juntos, estos dos componentes del ILI crean un programa de acompa\u00f1amiento completo y coherente. Mientras que el apoyo jur\u00eddico ayuda a eliminar los obst\u00e1culos administrativos y legales, la formaci\u00f3n ciudadana y ling\u00fc\u00edstica prepara a los participantes para participar en la vida social, cultural y econ\u00f3mica de Lieja.  <\/p>\n\n<figure class=\"wp-block-gallery has-nested-images columns-default is-cropped wp-block-gallery-1 is-layout-flex wp-block-gallery-is-layout-flex\">\n<figure class=\"wp-block-image size-large\"><img loading=\"lazy\" decoding=\"async\" width=\"1920\" height=\"1280\" data-id=\"1779\" src=\"https:\/\/trad.possibles.org\/wp-content\/uploads\/img_pageagrement003_possibles.org_.png\" alt=\"\" class=\"wp-image-1779\" srcset=\"https:\/\/trad.possibles.org\/wp-content\/uploads\/img_pageagrement003_possibles.org_.png 1920w, https:\/\/trad.possibles.org\/wp-content\/uploads\/img_pageagrement003_possibles.org_-1620x1080.png 1620w, https:\/\/trad.possibles.org\/wp-content\/uploads\/img_pageagrement003_possibles.org_-720x480.png 720w, https:\/\/trad.possibles.org\/wp-content\/uploads\/img_pageagrement003_possibles.org_-768x512.png 768w, https:\/\/trad.possibles.org\/wp-content\/uploads\/img_pageagrement003_possibles.org_-1536x1024.png 1536w\" sizes=\"auto, (max-width: 1920px) 100vw, 1920px\" \/><\/figure>\n<\/figure>\n\n<h4 class=\"wp-block-heading\">3. ESS: Econom\u00eda Social y Solidaria<\/h4>\n\n<p><a href=\"https:\/\/trad.possibles.org\/agrements\/economie-sociale-et-solidaire\/\" data-type=\"agrements\" data-id=\"171\"><strong>L\u2019\u00c9conomie Sociale et Solidaire <\/strong>(ESS)<\/a> apoya proyectos empresariales como <a href=\"https:\/\/trad.possibles.org\/formations\/univerbal\/\" data-type=\"formations\" data-id=\"138\">Univerbal<\/a>, nuestro servicio de interpretaci\u00f3n en el \u00e1mbito social. Univerbal contribuye tanto a la integraci\u00f3n socioprofesional de los int\u00e9rpretes como a la mejora del acceso a los servicios p\u00fablicos para las personas que a\u00fan no hablan franc\u00e9s. Univerbal ofrece formaci\u00f3n continua a los int\u00e9rpretes y los profesionaliza a trav\u00e9s de la Universidad de Mons, entre otras instituciones.   <\/p>\n\n<p><strong>\u00abEstas iniciativas de econom\u00eda social tambi\u00e9n permiten responder a un mercado laboral muy proteccionista en Valonia, apoyando el desarrollo de proyectos empresariales de personas de origen extranjero\u00bb. <\/strong><\/p>\n\n<p>La ESS est\u00e1 estrechamente relacionada con nuestras otras acciones: <a href=\"https:\/\/trad.possibles.org\/agrements\/education-permanente\/\" data-type=\"agrements\" data-id=\"167\">l\u2019\u00c9ducation Permanente (EP)<\/a> ayuda, en particular, a identificar la discriminaci\u00f3n en el mercado laboral, mientras que el <a href=\"https:\/\/trad.possibles.org\/agrements\/initiative-locale-dintegration-volet-juridique\/\" data-type=\"agrements\" data-id=\"263\">soutien juridique<\/a><em> <\/em>y las <a href=\"https:\/\/trad.possibles.org\/agrements\/initiative-locale-dintegration-volet-fle-et-citoyennete\/\" data-type=\"agrements\" data-id=\"169\">comp\u00e9tences linguistiques<\/a><em> <\/em>intervienen en la fase previa a los proyectos empresariales propiamente dichos. Los proyectos <a href=\"https:\/\/trad.possibles.org\/formations\/univerbal\/\" data-type=\"formations\" data-id=\"138\">Univerbal<\/a>, <a href=\"https:\/\/trad.possibles.org\/formations\/atemos\/\" data-type=\"formations\" data-id=\"282\">Atemos<\/a> <em> <\/em>o tambi\u00e9n <a href=\"https:\/\/trad.possibles.org\/es\/?post_type=formations&amp;p=3666\" data-type=\"formations\" data-id=\"281\">Coop\u00e9r\u2019Actives<\/a><em> <\/em>son buenos ejemplos de ello.<\/p>\n\n<figure class=\"wp-block-gallery has-nested-images columns-default is-cropped wp-block-gallery-2 is-layout-flex wp-block-gallery-is-layout-flex\">\n<figure class=\"wp-block-image size-large\"><img loading=\"lazy\" decoding=\"async\" width=\"1920\" height=\"1280\" data-id=\"1781\" src=\"https:\/\/trad.possibles.org\/wp-content\/uploads\/img_pageagrement004_possibles.org_.png\" alt=\"\" class=\"wp-image-1781\" srcset=\"https:\/\/trad.possibles.org\/wp-content\/uploads\/img_pageagrement004_possibles.org_.png 1920w, https:\/\/trad.possibles.org\/wp-content\/uploads\/img_pageagrement004_possibles.org_-1620x1080.png 1620w, https:\/\/trad.possibles.org\/wp-content\/uploads\/img_pageagrement004_possibles.org_-720x480.png 720w, https:\/\/trad.possibles.org\/wp-content\/uploads\/img_pageagrement004_possibles.org_-768x512.png 768w, https:\/\/trad.possibles.org\/wp-content\/uploads\/img_pageagrement004_possibles.org_-1536x1024.png 1536w\" sizes=\"auto, (max-width: 1920px) 100vw, 1920px\" \/><\/figure>\n<\/figure>\n\n<h4 class=\"wp-block-heading\">4. Digistart &#8211; Reducci\u00f3n de la brecha digital<\/h4>\n\n<p><strong>Digistart<\/strong>, situado en la Rue des Champs, es un programa que forma parte del ADN de Le Monde des Possibles y que se dedica a reducir la brecha digital con cursos pr\u00e1cticos como \u00abInform\u00e1tica b\u00e1sica\u00bb y \u00abCanva\u00bb. <\/p>\n\n<p><strong>\u00ab Digistart permite a muchos becarios de Le Monde des Possibles (MDP) iniciarse y perfeccionarse en el \u00e1mbito digital y responder a sus necesidades espec\u00edficas de formaci\u00f3n. <\/strong><\/p>\n\n<p>Estas formaciones contribuyen a la emancipaci\u00f3n de los participantes en su vida cotidiana, ya sea para buscar empleo, acceder a los servicios p\u00fablicos o participar en la vida ciudadana y cultural. En relaci\u00f3n con otras acreditaciones de Le Monde des Possibles, en particular el <a href=\"https:\/\/trad.possibles.org\/agrements\/centres-dinsertion-socioprofessionnelle\/\" data-type=\"agrements\" data-id=\"168\">Centre d&#8217;Insertion Socioprofessionnelle (CISP)<\/a><em> <\/em>y <a href=\"https:\/\/trad.possibles.org\/agrements\/economie-sociale-et-solidaire\/\" data-type=\"agrements\" data-id=\"171\">l\u2019\u00c9conomie Sociale et Solidaire (ESS)<\/a>.<\/p>\n\n<figure class=\"wp-block-gallery has-nested-images columns-default is-cropped wp-block-gallery-3 is-layout-flex wp-block-gallery-is-layout-flex\">\n<figure class=\"wp-block-image size-large\"><img loading=\"lazy\" decoding=\"async\" width=\"1920\" height=\"1259\" data-id=\"1783\" src=\"https:\/\/trad.possibles.org\/wp-content\/uploads\/img_pageagrement005_possibles.org_.png\" alt=\"\" class=\"wp-image-1783\" srcset=\"https:\/\/trad.possibles.org\/wp-content\/uploads\/img_pageagrement005_possibles.org_.png 1920w, https:\/\/trad.possibles.org\/wp-content\/uploads\/img_pageagrement005_possibles.org_-1647x1080.png 1647w, https:\/\/trad.possibles.org\/wp-content\/uploads\/img_pageagrement005_possibles.org_-768x504.png 768w, https:\/\/trad.possibles.org\/wp-content\/uploads\/img_pageagrement005_possibles.org_-1536x1007.png 1536w\" sizes=\"auto, (max-width: 1920px) 100vw, 1920px\" \/><\/figure>\n<\/figure>\n\n<h4 class=\"wp-block-heading\">5. EP &#8211; Educaci\u00f3n Continua<\/h4>\n\n<p><a href=\"https:\/\/trad.possibles.org\/agrements\/education-permanente\/\" data-type=\"agrements\" data-id=\"167\"><strong>L\u2019\u00c9ducation Permanente <\/strong>(EP)<\/a>, Con sede en Poti\u00e9rue y en la calle des Champs, se caracteriza por un enfoque transversal y cr\u00edtico que tiene como objetivo la emancipaci\u00f3n de los participantes. Al ayudarles a comprender las estructuras de poder e identificar las discriminaciones sist\u00e9micas que afectan a su vida cotidiana, la EP fomenta la concienciaci\u00f3n colectiva. Mediante una pedagog\u00eda participativa, construye conjuntamente los conocimientos y las pr\u00e1cticas con los participantes.   <\/p>\n\n<p><strong>\u00abM\u00e1s all\u00e1 del aprendizaje, la Educaci\u00f3n Permanente es un espacio de reflexi\u00f3n cr\u00edtica donde se forjan las herramientas para comprender y transformar el mundo que nos rodea\u00bb. <\/strong><\/p>\n\n<p>La Educaci\u00f3n Continua desempe\u00f1a un papel fundamental en la complementariedad entre las diferentes acreditaciones de Le Monde des Possibles (MDP), al ofrecer un marco para que los participantes y compa\u00f1eros puedan explorar y afirmar los valores de la asociaci\u00f3n, as\u00ed como su proyecto social. Fomenta la transversalidad entre las acreditaciones, cada una de las cuales funciona seg\u00fan sus propias normas, al tiempo que enriquece las pr\u00e1cticas de inserci\u00f3n e inclusi\u00f3n social de <a href=\"https:\/\/trad.possibles.org\/agrements\/centres-dinsertion-socioprofessionnelle\/\" data-type=\"agrements\" data-id=\"168\" target=\"_blank\" rel=\"noreferrer noopener\">CISP<\/a>, de <a href=\"https:\/\/trad.possibles.org\/agrements\/initiative-locale-dintegration-volet-juridique\/\" data-type=\"agrements\" data-id=\"263\">l\u2019ILI<\/a>, y de <a href=\"https:\/\/trad.possibles.org\/agrements\/economie-sociale-et-solidaire\/\" data-type=\"agrements\" data-id=\"171\">l\u2019ESS<\/a> <em> <\/em>mediante una reflexi\u00f3n cr\u00edtica continua.<\/p>\n\n<figure class=\"wp-block-image size-full\"><img loading=\"lazy\" decoding=\"async\" width=\"1200\" height=\"900\" src=\"https:\/\/trad.possibles.org\/wp-content\/uploads\/img_pageagrement006_possibles.org_.png\" alt=\"\" class=\"wp-image-1785\" srcset=\"https:\/\/trad.possibles.org\/wp-content\/uploads\/img_pageagrement006_possibles.org_.png 1200w, https:\/\/trad.possibles.org\/wp-content\/uploads\/img_pageagrement006_possibles.org_-768x576.png 768w\" sizes=\"auto, (max-width: 1200px) 100vw, 1200px\" \/><\/figure>\n\n<h2 class=\"wp-block-heading\">Ejemplo de articulaci\u00f3n entre acreditaciones: el empleo digno<\/h2>\n\n<p>El acceso a un empleo digno es una de las prioridades de Le Monde des Possibles, ya que constituye una palanca esencial para la inclusi\u00f3n socioecon\u00f3mica de las personas de origen extranjero. El camino hacia un empleo de calidad suele estar plagado de obst\u00e1culos, especialmente para aquellas personas que se enfrentan a retos relacionados con el idioma, las competencias t\u00e9cnicas o su situaci\u00f3n jur\u00eddica. Para responder a estas necesidades espec\u00edficas, hemos desarrollado un enfoque integrado en el que cada acreditaci\u00f3n desempe\u00f1a un papel complementario. Ejemplo:    <\/p>\n\n<p><\/p>\n\n<ul class=\"wp-block-list custom-list\">\n<li>Los cursos de franc\u00e9s como lengua extranjera (ILI) abordan temas cruciales como el acceso a un empleo de calidad, los contratos de trabajo y los mecanismos de inserci\u00f3n profesional. Ayudan a los participantes a desarrollar las competencias ling\u00fc\u00edsticas necesarias para integrarse en el mercado laboral, al tiempo que les permiten identificar y superar los obst\u00e1culos espec\u00edficos que pueden encontrar en la b\u00fasqueda de un empleo digno. <\/li>\n\n\n\n<li>El Centro de Inserci\u00f3n Socioprofesional (CISP) colabora con empresas \u00abformadoras\u00bb que son conscientes de los retos espec\u00edficos a los que se enfrentan las personas migrantes. Junto con Le Monde des Possibles y el Instituto de Investigaci\u00f3n, Formaci\u00f3n y Acci\u00f3n sobre Migraciones (IRFAM), estas empresas elaboran conjuntamente soluciones adaptadas para facilitar las pr\u00e1cticas y el acceso al empleo de los participantes. Estas colaboraciones, en particular con instituciones como el <a href=\"https:\/\/www.chuliege.be\/jcms\/c_15605575\/chu-de-liege\" target=\"_blank\" rel=\"noreferrer noopener\">CHU<\/a>  <em> <\/em>y el <a href=\"https:\/\/www.chc.be\/Etablissements\/Clinique-CHC-MontLegia\" target=\"_blank\" rel=\"noreferrer noopener\">CHC MontL\u00e9gia<\/a>, abren oportunidades concretas en los sectores de la log\u00edstica, la limpieza y el catering en el \u00e1mbito hospitalario.<\/li>\n\n\n\n<li>La Econom\u00eda Social y Solidaria (ESS) permite desarrollar actividades econ\u00f3micas con sentido, que responden a las necesidades espec\u00edficas de los participantes. Estas actividades, verdaderas fuentes de innovaci\u00f3n social, generan ingresos que se redistribuyen a trav\u00e9s de mecanismos de gobernanza compartida. Un ejemplo concreto es el servicio de interpretaci\u00f3n. <a href=\"https:\/\/trad.possibles.org\/formations\/univerbal\/\" data-type=\"formations\" data-id=\"138\">Univerbal<\/a>, donde los int\u00e9rpretes en el \u00e1mbito social han identificado, gracias a <a href=\"https:\/\/trad.possibles.org\/agrements\/education-permanente\/\" data-type=\"agrements\" data-id=\"167\">l\u2019\u00c9ducation Permanente (EP)<\/a>, la discriminaci\u00f3n en el mercado laboral. Desde 2016, han puesto en marcha una soluci\u00f3n espec\u00edfica para remediarlo: un servicio de interpretaci\u00f3n destinado a facilitar la comunicaci\u00f3n entre los profesionales y el p\u00fablico al\u00f3fonos en \u00e1mbitos como la salud, la salud mental, el derecho y el sector social.   <\/li>\n<\/ul>\n\n<h2 class=\"wp-block-heading\">Un compromiso colectivo <\/h2>\n\n<h3 class=\"wp-block-heading\"><\/h3>\n\n<p><strong>\u00abLa relevancia de nuestro enfoque reside en la interconexi\u00f3n de nuestras acciones, en las que cada acuerdo refuerza al otro para responder a las diferentes necesidades de los participantes en las distintas etapas de su inclusi\u00f3n en Lieja\u00bb. <\/strong><\/p>\n\n<p>Al promover la coordinaci\u00f3n entre nuestras diferentes acreditaciones y con los numerosos socios de la asociaci\u00f3n, intentamos fortalecer un ecosistema de apoyo en Lieja que responda a las m\u00faltiples dificultades y retos a los que se enfrentan las personas migrantes.<\/p>\n\n<p><strong> <\/strong><\/p>\n","protected":false},"excerpt":{"rendered":"<p>La visi\u00f3n de Le Monde des Possibles Ayudan en los derechos fundamentales de personas de origen extranjero en Li\u00e8ge. Le Monde des Possibles es una organizaci\u00f3n asociativa intercultural con sede en Lieja, comprometida con la defensa de los derechos humanos. Depuis sa cr\u00e9ation en 2001, La asociaci\u00f3n colabora en la emancipaci\u00f3n de las personas de [&hellip;]<\/p>\n","protected":false},"author":3,"featured_media":0,"parent":0,"menu_order":0,"comment_status":"closed","ping_status":"closed","template":"page-agrements.php","meta":{"_acf_changed":false,"inline_featured_image":false,"footnotes":""},"class_list":["post-3568","page","type-page","status-publish","hentry"],"acf":[],"_links":{"self":[{"href":"https:\/\/trad.possibles.org\/es\/wp-json\/wp\/v2\/pages\/3568","targetHints":{"allow":["GET"]}}],"collection":[{"href":"https:\/\/trad.possibles.org\/es\/wp-json\/wp\/v2\/pages"}],"about":[{"href":"https:\/\/trad.possibles.org\/es\/wp-json\/wp\/v2\/types\/page"}],"author":[{"embeddable":true,"href":"https:\/\/trad.possibles.org\/es\/wp-json\/wp\/v2\/users\/3"}],"replies":[{"embeddable":true,"href":"https:\/\/trad.possibles.org\/es\/wp-json\/wp\/v2\/comments?post=3568"}],"version-history":[{"count":7,"href":"https:\/\/trad.possibles.org\/es\/wp-json\/wp\/v2\/pages\/3568\/revisions"}],"predecessor-version":[{"id":3759,"href":"https:\/\/trad.possibles.org\/es\/wp-json\/wp\/v2\/pages\/3568\/revisions\/3759"}],"wp:attachment":[{"href":"https:\/\/trad.possibles.org\/es\/wp-json\/wp\/v2\/media?parent=3568"}],"curies":[{"name":"wp","href":"https:\/\/api.w.org\/{rel}","templated":true}]}}